{"id":490,"date":"2021-05-02T15:23:57","date_gmt":"2021-05-02T13:23:57","guid":{"rendered":"https:\/\/pascal-korz.de\/blog\/?page_id=490"},"modified":"2021-05-02T18:31:50","modified_gmt":"2021-05-02T16:31:50","slug":"skillprofil","status":"publish","type":"page","link":"https:\/\/pascal-korz.de\/blog\/skillprofil\/","title":{"rendered":"Skillprofil"},"content":{"rendered":"\n<div class=\"wp-block-columns is-layout-flex wp-container-core-columns-is-layout-d0b3c9c8 wp-block-columns-is-layout-flex\">\n<div class=\"wp-block-column is-layout-flow wp-block-column-is-layout-flow\" style=\"--col-width:33.33%;flex-basis:33.33%\">\n<figure class=\"wp-block-image size-large tw-mb-0\"><img loading=\"lazy\" decoding=\"async\" width=\"186\" height=\"186\" src=\"https:\/\/pascal-korz.de\/blog\/wp-content\/uploads\/2018\/02\/profile2017-rounded.png\" alt=\"\" class=\"wp-image-6\" srcset=\"https:\/\/pascal-korz.de\/blog\/wp-content\/uploads\/2018\/02\/profile2017-rounded.png 186w, https:\/\/pascal-korz.de\/blog\/wp-content\/uploads\/2018\/02\/profile2017-rounded-150x150.png 150w, https:\/\/pascal-korz.de\/blog\/wp-content\/uploads\/2018\/02\/profile2017-rounded-170x170.png 170w\" sizes=\"auto, (max-width: 186px) 100vw, 186px\" \/><\/figure>\n<\/div>\n\n\n\n<div class=\"wp-block-column is-layout-flow wp-block-column-is-layout-flow\" style=\"--col-width:66.66%;flex-basis:66.66%\">\n<h2 class=\"wp-block-heading\">Pascal Korz<\/h2>\n\n\n\n<p class=\"tw-mb-0\"><strong>IT Systems Engineer<\/strong><\/p>\n\n\n\n<p><img decoding=\"async\" src=\"..\/..\/envelope-open.svg\" alt=\"E-Mail\" style=\"heigth:24px; width:24px;\"> <a href=\"mailto:kontakt@pascal-korz.de\">kontakt@pascal-korz.de<\/a><\/p>\n\n\n\n<p>Software-Verteilung, -Paketierung, -Skriptierung und -Entwicklung f\u00fcr ein internationales Pr\u00fcfdienstleistungsunternehmen.<\/p>\n<\/div>\n<\/div>\n\n\n\n<div class=\"wp-block-columns is-layout-flex wp-container-core-columns-is-layout-d0b3c9c8 wp-block-columns-is-layout-flex\">\n<div class=\"wp-block-column is-layout-flow wp-block-column-is-layout-flow\">\n<h3 class=\"wp-block-heading\">Zeugnisse und Zertifizierungen<\/h3>\n\n\n\n<h4 class=\"wp-block-heading\">Microsoft Certified Solutions Associate: Office 365<\/h4>\n\n\n\n<p>Zertifizierung \u00fcber die Evaluierung, Installation und Konfiguration von Office 365, einschlie\u00dflich der Verwaltung von Identit\u00e4ten, der Bereitstellung von Office-365-Anwendungen und der Integration der Office-365-Dienste (Exchange Online, Skype for Business, SharePoint Online, etc.).<\/p>\n\n\n\n<h4 class=\"wp-block-heading\">CompTIA Network+<\/h4>\n\n\n\n<p>Herstellerunabh\u00e4ngige Zertifizierung \u00fcber Grundlagen der Installation, Konfiguration, Verwaltung und Probleml\u00f6sungen von Computernetzwerken.<\/p>\n\n\n\n<h4 class=\"wp-block-heading\">Cisco Meraki Networking Associate<\/h4>\n\n\n\n<p>Zertifizierung \u00fcber Grundlagen der Installation, Konfiguration und Verwaltung von Cisco-Meraki-Netzwerkkomponenten.<\/p>\n\n\n\n<h4 class=\"wp-block-heading\">Palo Alto Networks Accredited Configuration Engineer 8.0<\/h4>\n\n\n\n<p>Zertifizierung \u00fcber die grundlegende Konfiguration von Palo-Alto-Security-Appliances mit PAN-OS 8.0.<\/p>\n\n\n\n<h4 class=\"wp-block-heading\">Englisch-KMK-Fremdsprachenzertifikat<\/h4>\n\n\n\n<p>Zertifikat \u00fcber Englisch-Sprachkenntnisse auf Stufe III (entspricht B2).<\/p>\n\n\n\n<h4 class=\"wp-block-heading\">Master of Education<\/h4>\n\n\n\n<p>Bescheinigung \u00fcber den erfolgreichen Abschluss des Masterstudiengangs f\u00fcr das Lehramt.<\/p>\n<\/div>\n\n\n\n<div class=\"wp-block-column is-layout-flow wp-block-column-is-layout-flow\">\n<h3 class=\"wp-block-heading\">Weitere Kenntnisse<\/h3>\n\n\n\n<h4 class=\"wp-block-heading\">Microsoft-Windows-Dom\u00e4nen<\/h4>\n\n\n\n<p>Fortgeschrittene Kenntnisse der Konfiguration und Verwaltung von Microsoft-Windows-Serverrollen und -features wie Active Directory, Distributed File System, u. a.<\/p>\n\n\n\n<h4 class=\"wp-block-heading\">System Center Configuration Manager<\/h4>\n\n\n\n<p>Fortgeschrittene Kenntnisse der Software- und Betriebssystemverteilung und Konfiguration verwalteter Maschinen.<\/p>\n\n\n\n<h4 class=\"wp-block-heading\">Baramundi<\/h4>\n\n\n\n<p>Fortgeschrittene Kenntnisse der Software-Verteilung und Verwaltung von Systemen.<\/p>\n\n\n\n<h4 class=\"wp-block-heading\">Linux-Dom\u00e4nen<\/h4>\n\n\n\n<p>Fortgeschrittene Kenntnisse der Installation und Konfiguration von Debian-basierenden Clients sowie grundlegende Kenntisse der Installation, Konfiguration und Verwaltung Red-Hat-Enterprise-basierender FreeIPA-Dom\u00e4nen.<\/p>\n\n\n\n<h4 class=\"wp-block-heading\">Virtualisierung<\/h4>\n\n\n\n<p>Grundlegende Kenntnisse der Verwaltung von Hyper-V- und VMWare-ESXi-basierenden virtualisierten Serverumgebungen.<\/p>\n\n\n\n<h4 class=\"wp-block-heading\">Python<\/h4>\n\n\n\n<p>Sehr gute Programmierkenntnisse in Python 2.6+ und Python 3+.<\/p>\n\n\n\n<h4 class=\"wp-block-heading\">PowerShell<\/h4>\n\n\n\n<p>Sehr gute Kenntnisse in der Erstellung von PowerShell-Skripten.<\/p>\n\n\n\n<h4 class=\"wp-block-heading\">Office<\/h4>\n\n\n\n<p>Fortgeschrittene Kenntisse von Microsoft Office 2010-2016 und 365 sowie aktuellen Versionen von LibreOffice.<\/p>\n<\/div>\n<\/div>\n","protected":false},"excerpt":{"rendered":"<p>Pascal Korz IT Systems Engineer kontakt@pascal-korz.de Software-Verteilung, -Paketierung, -Skriptierung und -Entwicklung f\u00fcr ein internationales Pr\u00fcfdienstleistungsunternehmen. Zeugnisse und Zertifizierungen Microsoft Certified Solutions Associate: Office 365 Zertifizierung \u00fcber die Evaluierung, Installation und Konfiguration von Office 365, einschlie\u00dflich der Verwaltung von Identit\u00e4ten, der Bereitstellung von Office-365-Anwendungen und der Integration der Office-365-Dienste (Exchange Online, Skype for Business, SharePoint Online,&hellip; <a class=\"more-link\" href=\"https:\/\/pascal-korz.de\/blog\/skillprofil\/\"><span class=\"screen-reader-text\">Skillprofil<\/span> weiterlesen<\/a><\/p>\n","protected":false},"author":6,"featured_media":0,"parent":0,"menu_order":0,"comment_status":"closed","ping_status":"closed","template":"","meta":{"footnotes":""},"class_list":["post-490","page","type-page","status-publish","hentry","entry"],"_links":{"self":[{"href":"https:\/\/pascal-korz.de\/blog\/wp-json\/wp\/v2\/pages\/490","targetHints":{"allow":["GET"]}}],"collection":[{"href":"https:\/\/pascal-korz.de\/blog\/wp-json\/wp\/v2\/pages"}],"about":[{"href":"https:\/\/pascal-korz.de\/blog\/wp-json\/wp\/v2\/types\/page"}],"author":[{"embeddable":true,"href":"https:\/\/pascal-korz.de\/blog\/wp-json\/wp\/v2\/users\/6"}],"replies":[{"embeddable":true,"href":"https:\/\/pascal-korz.de\/blog\/wp-json\/wp\/v2\/comments?post=490"}],"version-history":[{"count":7,"href":"https:\/\/pascal-korz.de\/blog\/wp-json\/wp\/v2\/pages\/490\/revisions"}],"predecessor-version":[{"id":510,"href":"https:\/\/pascal-korz.de\/blog\/wp-json\/wp\/v2\/pages\/490\/revisions\/510"}],"wp:attachment":[{"href":"https:\/\/pascal-korz.de\/blog\/wp-json\/wp\/v2\/media?parent=490"}],"curies":[{"name":"wp","href":"https:\/\/api.w.org\/{rel}","templated":true}]}}